{"id":5673,"date":"2019-07-25T16:01:35","date_gmt":"2019-07-25T14:01:35","guid":{"rendered":"https:\/\/www.xuviate.com\/impressum\/"},"modified":"2022-08-28T18:08:35","modified_gmt":"2022-08-28T16:08:35","slug":"impressum","status":"publish","type":"page","link":"https:\/\/www.xuviate.com\/de\/impressum\/","title":{"rendered":"Impressum"},"content":{"rendered":"<p>Xuviate GmbHAchtmorgenweg 11A53343 Wachtberg<\/p>\n<p>Telefon: +491736073671E-Mail: <a href=\"mailto:info@xuviate.com\">info@xuviate.com<\/a><\/p>\n<p><strong>Vertreten durch:<\/strong>Gesch\u00e4ftsf\u00fchrer Mark Geschke<\/p>\n<p><strong>Registereintrag:<\/strong>Eingetragen im Handelsregister.Registergericht: Amtsgericht BonnRegisternummer: HRB 24514<\/p>\n<p><strong>Umsatzsteuer-ID:\u00a0<\/strong>Umsatzsteuer-Identifikationsnummer nach \u00a727a Umsatzsteuergesetz: DE323982620<\/p>\n<p><strong>Verantwortlich f\u00fcr den Inhalt<\/strong>\u00a0<\/p>\n<p>(gem. \u00a7 55 Abs. 2 RStV):Mark GeschkeAchtmorgenweg 11A53343 Wachtberg<\/p>\n<h2>Hinweis gem\u00e4\u00df Online-Streitbeilegungs-Verordnung<\/h2>\n<p>Nach geltendem Recht sind wir verpflichtet, Verbraucher auf die Existenz der Europ\u00e4ischen Online-Streitbeilegungs-Plattform hinzuweisen, die f\u00fcr die Beilegung von Streitigkeiten genutzt werden kann, ohne dass ein Gericht eingeschaltet werden muss. F\u00fcr die Einrichtung der Plattform ist die Europ\u00e4ische Kommission zust\u00e4ndig. Die Europ\u00e4ische Online-Streitbeilegungs-Plattform ist hier zu finden:\u00a0<a href=\"http:\/\/ec.europa.eu\/odr\" target=\"_blank\" rel=\"nofollow noopener\">http:\/\/ec.europa.eu\/odr<\/a>.\u00a0<\/p>\n<p>Wir weisen aber darauf hin, dass wir nicht bereit sind, uns am Streitbeilegungsverfahren im Rahmen der Europ\u00e4ischen Online-Streitbeilegungs-Plattform zu beteiligen. Nutzen Sie zur Kontaktaufnahme bitte unsere obige E-Mail und Mobilnummer.<\/p>\n<p>Quelle: <a href=\"https:\/\/www.juraforum.de\/impressum-generator\/\" target=\"_blank\" rel=\"noopener\">JuraForum.de<\/a><\/p>\n","protected":false},"excerpt":{"rendered":"<p>Xuviate GmbHAchtmorgenweg 11A53343 Wachtberg Telefon: +491736073671E-Mail: info@xuviate.com Vertreten durch:Gesch\u00e4ftsf\u00fchrer Mark Geschke Registereintrag:Eingetragen im Handelsregister.Registergericht: Amtsgericht BonnRegisternummer: HRB 24514 Umsatzsteuer-ID:\u00a0Umsatzsteuer-Identifikationsnummer nach \u00a727a Umsatzsteuergesetz: DE323982620 Verantwortlich f\u00fcr den Inhalt\u00a0 (gem. \u00a7 55 Abs. 2 RStV):Mark GeschkeAchtmorgenweg 11A53343 Wachtberg Hinweis gem\u00e4\u00df Online-Streitbeilegungs-Verordnung Nach geltendem Recht sind wir verpflichtet, Verbraucher auf die Existenz der Europ\u00e4ischen Online-Streitbeilegungs-Plattform hinzuweisen, die f\u00fcr [&hellip;]<\/p>\n","protected":false},"author":3,"featured_media":0,"parent":0,"menu_order":0,"comment_status":"closed","ping_status":"closed","template":"","meta":{"footnotes":"","tve_updated_post":"<div class=\"thrv_wrapper tve_wp_shortcode\"><div class=\"tve_shortcode_raw\" style=\"display: none\">___TVE_SHORTCODE_RAW__&lt;p&gt;Xuviate GmbH&lt;br \/&gt;Achtmorgenweg 11A&lt;br \/&gt;53343 Wachtberg&lt;\/p&gt;&lt;p&gt;Telefon: +491736073671&lt;br \/&gt;E-Mail: &lt;a href=\"mailto:info@xuviate.com\"&gt;info@xuviate.com&lt;\/a&gt;&lt;\/p&gt;&lt;p&gt;&lt;strong&gt;Vertreten durch:&lt;\/strong&gt;&lt;br \/&gt;Gesch\u00e4ftsf\u00fchrer Mark Geschke&lt;\/p&gt;&lt;p&gt;&lt;strong&gt;Registereintrag:&lt;\/strong&gt;&lt;br \/&gt;Eingetragen im Handelsregister.&lt;br \/&gt;Registergericht: Amtsgericht Bonn&lt;br \/&gt;Registernummer: HRB 24514&lt;\/p&gt;&lt;p&gt;&lt;strong&gt;Umsatzsteuer-ID:&nbsp;&lt;\/strong&gt;&lt;br \/&gt;Umsatzsteuer-Identifikationsnummer nach \u00a727a Umsatzsteuergesetz: DE323982620&lt;\/p&gt;&lt;p&gt;&lt;strong&gt;Verantwortlich f\u00fcr den Inhalt&lt;\/strong&gt;&nbsp;&lt;\/p&gt;&lt;p&gt;(gem. \u00a7 55 Abs. 2 RStV):&lt;br \/&gt;Mark Geschke&lt;br \/&gt;Achtmorgenweg 11A&lt;br \/&gt;53343 Wachtberg&lt;\/p&gt;&lt;h2&gt;Hinweis gem\u00e4\u00df Online-Streitbeilegungs-Verordnung&lt;\/h2&gt;&lt;p&gt;Nach geltendem Recht sind wir verpflichtet, Verbraucher auf die Existenz der Europ\u00e4ischen Online-Streitbeilegungs-Plattform hinzuweisen, die f\u00fcr die Beilegung von Streitigkeiten genutzt werden kann, ohne dass ein Gericht eingeschaltet werden muss. F\u00fcr die Einrichtung der Plattform ist die Europ\u00e4ische Kommission zust\u00e4ndig. Die Europ\u00e4ische Online-Streitbeilegungs-Plattform ist hier zu finden:&nbsp;&lt;a href=\"http:\/\/ec.europa.eu\/odr\" target=\"_blank\" rel=\"nofollow noopener\"&gt;http:\/\/ec.europa.eu\/odr&lt;\/a&gt;.&nbsp;&lt;\/p&gt;&lt;p&gt;Wir weisen aber darauf hin, dass wir nicht bereit sind, uns am Streitbeilegungsverfahren im Rahmen der Europ\u00e4ischen Online-Streitbeilegungs-Plattform zu beteiligen. Nutzen Sie zur Kontaktaufnahme bitte unsere obige E-Mail und Mobilnummer.&lt;\/p&gt;&lt;p&gt;Quelle: &lt;a href=\"https:\/\/www.juraforum.de\/impressum-generator\/\"&gt;JuraForum.de&lt;\/a&gt;&lt;\/p&gt;__TVE_SHORTCODE_RAW___<\/div><\/div>","tve_custom_css":"","tve_user_custom_css":"","tve_globals":{"e":"1","font_cls":[]},"tcb2_ready":1,"tcb_editor_enabled":1,"tve_landing_page":"","_tve_header":"0","_tve_footer":"0"},"class_list":["post-5673","page","type-page","status-publish","hentry","post-wrapper","thrv_wrapper"],"_links":{"self":[{"href":"https:\/\/www.xuviate.com\/de\/wp-json\/wp\/v2\/pages\/5673","targetHints":{"allow":["GET"]}}],"collection":[{"href":"https:\/\/www.xuviate.com\/de\/wp-json\/wp\/v2\/pages"}],"about":[{"href":"https:\/\/www.xuviate.com\/de\/wp-json\/wp\/v2\/types\/page"}],"author":[{"embeddable":true,"href":"https:\/\/www.xuviate.com\/de\/wp-json\/wp\/v2\/users\/3"}],"replies":[{"embeddable":true,"href":"https:\/\/www.xuviate.com\/de\/wp-json\/wp\/v2\/comments?post=5673"}],"version-history":[{"count":0,"href":"https:\/\/www.xuviate.com\/de\/wp-json\/wp\/v2\/pages\/5673\/revisions"}],"wp:attachment":[{"href":"https:\/\/www.xuviate.com\/de\/wp-json\/wp\/v2\/media?parent=5673"}],"curies":[{"name":"wp","href":"https:\/\/api.w.org\/{rel}","templated":true}]}}